{"id":1645,"date":"2020-11-29T23:38:18","date_gmt":"2020-11-30T02:38:18","guid":{"rendered":"https:\/\/panvel.com\/blog\/?page_id=1645"},"modified":"2024-09-24T15:01:07","modified_gmt":"2024-09-24T18:01:07","slug":"sobre-a-panvel","status":"publish","type":"page","link":"https:\/\/www.panvel.com\/blog\/sobre-a-panvel\/","title":{"rendered":"Conhe\u00e7a a hist\u00f3ria da Panvel desde sua cria\u00e7\u00e3o"},"content":{"rendered":"\n<p><span data-contrast=\"auto\">Mais do que uma rede, somos aquele lugar onde voc\u00ea encontra tudo o que precisa para cuidar da sa\u00fade e do corpo. \u00c9 por isso que voc\u00ea talvez j\u00e1 nem diga que vai \u00e0 farm\u00e1cia, e sim, que vai \u00e0 Panvel.<\/span><span data-ccp-props=\"{&quot;201341983&quot;:0,&quot;335551550&quot;:6,&quot;335551620&quot;:6,&quot;335559740&quot;:276}\">&nbsp;<\/span><\/p>\n\n\n\n<p><span data-contrast=\"auto\">Nossos quase 50 anos de hist\u00f3ria nos fazem reconhecidos&nbsp;<\/span><span data-contrast=\"auto\">como sin\u00f4nimo de sa\u00fade, bem-estar e beleza. Oferecemos a maior variedade de produtos, em uma atmosfera diferenciada e com atendimento personalizado!<\/span><span data-ccp-props=\"{&quot;201341983&quot;:0,&quot;335551550&quot;:6,&quot;335551620&quot;:6,&quot;335559740&quot;:276}\">&nbsp;<\/span><\/p>\n\n\n\n<h2 class=\"wp-block-heading\"><b><span data-contrast=\"auto\">Como nasceu a Panvel?<\/span><\/b><span data-contrast=\"auto\">&nbsp;<\/span><span data-ccp-props=\"{&quot;201341983&quot;:0,&quot;335551550&quot;:6,&quot;335551620&quot;:6,&quot;335559740&quot;:276}\">&nbsp;<\/span><\/h2>\n\n\n\n<p><span data-contrast=\"auto\">A&nbsp;<\/span><b><span data-contrast=\"auto\">Panvel<\/span><\/b><span data-contrast=\"auto\">&nbsp;nasceu em 1973, quando unimos a for\u00e7a e o talento de duas das maiores redes de farm\u00e1cia do Rio Grande do Sul: a Panitz e a Velgos. Descobriu de onde vem nosso nome? J\u00e1 abrimos as portas com 33 lojas - na \u00e9poca, a segunda maior empresa no ramo em n\u00famero de filiais no pa\u00eds.<\/span><span data-ccp-props=\"{&quot;201341983&quot;:0,&quot;335551550&quot;:6,&quot;335551620&quot;:6,&quot;335559740&quot;:276}\">&nbsp;<\/span><\/p>\n\n\n\n<p><span data-contrast=\"auto\">O bem-estar e satisfa\u00e7\u00e3o de nossos clientes nos guiaram desde o come\u00e7o. Em busca de novas formas de cativar o p\u00fablico, descobrimos que a proximidade, ou seja, a boa localiza\u00e7\u00e3o das lojas, era a principal motiva\u00e7\u00e3o dos clientes ao escolher uma drogaria.<\/span><span data-ccp-props=\"{&quot;201341983&quot;:0,&quot;335551550&quot;:6,&quot;335551620&quot;:6,&quot;335559740&quot;:276}\">&nbsp;<\/span><\/p>\n\n\n\n<p><span data-contrast=\"auto\">Assim, planejamos a primeira grande expans\u00e3o de nossa rede. Chegamos a 44 lojas em 1979 - uma amplia\u00e7\u00e3o que fazia jus ao slogan da \u00e9poca:&nbsp;<\/span><b><span data-contrast=\"auto\">Panvel Farm\u00e1cias<\/span><\/b><span data-contrast=\"auto\">, Sempre Mais Perto de Voc\u00ea.<\/span><span data-ccp-props=\"{&quot;201341983&quot;:0,&quot;335551550&quot;:6,&quot;335551620&quot;:6,&quot;335559740&quot;:276}\">&nbsp;<\/span><\/p>\n\n\n\n<h2 class=\"wp-block-heading\"><b><span data-contrast=\"auto\">Novos territ\u00f3rios<\/span><\/b><span data-ccp-props=\"{&quot;201341983&quot;:0,&quot;335551550&quot;:6,&quot;335551620&quot;:6,&quot;335559740&quot;:276}\">&nbsp;<\/span><\/h2>\n\n\n\n<p><span data-contrast=\"auto\">Em 1983, conquistamos a cobertura completa do Rio Grande do Sul. O passo seguinte foi a inaugura\u00e7\u00e3o da primeira&nbsp;<\/span><b><span data-contrast=\"auto\">filial da Panvel em solo catarinense<\/span><\/b><span data-contrast=\"auto\">.<\/span><span data-ccp-props=\"{&quot;201341983&quot;:0,&quot;335551550&quot;:6,&quot;335551620&quot;:6,&quot;335559740&quot;:276}\">&nbsp;<\/span><\/p>\n\n\n\n<p><span data-contrast=\"auto\">A escolha do local foi emblem\u00e1tica, na Pra\u00e7a XV de novembro, no cora\u00e7\u00e3o de Florian\u00f3polis. Hoje, a Panvel j\u00e1 tem mais de 500 lojas no Rio Grande do Sul, Santa Catarina, Paran\u00e1 e S\u00e3o Paulo. Al\u00e9m disso, a loja virtual <a href=\"https:\/\/www.panvel.com\/\" target=\"_blank\" rel=\"noreferrer noopener\"><b><span data-contrast=\"none\">panvel.com<\/span><\/b><\/a><\/span> <span data-contrast=\"auto\">faz entregas para todo o pa\u00eds!<\/span><\/p>\n\n\n\n<h2 class=\"wp-block-heading\"><b><span data-contrast=\"auto\">Linha pr\u00f3pria de produtos<\/span><\/b><span data-ccp-props=\"{&quot;201341983&quot;:0,&quot;335551550&quot;:6,&quot;335551620&quot;:6,&quot;335559740&quot;:276}\">&nbsp;<\/span><\/h2>\n\n\n\n<p><span data-contrast=\"auto\">Se hoje conquistamos milhares de clientes pela qualidade de nossa pr\u00f3pria marca de higiene, os primeiros passos foram dados em 1989. Uma fralda descart\u00e1vel foi o primeiro produto a levar a logo da Panvel no r\u00f3tulo.<\/span><span data-ccp-props=\"{&quot;201341983&quot;:0,&quot;335551550&quot;:6,&quot;335551620&quot;:6,&quot;335559740&quot;:276}\">&nbsp;<\/span><\/p>\n\n\n\n<p><span data-contrast=\"auto\">Em seguida, vieram absorventes higi\u00eanicos, desodorantes e tantos outros produtos. Hoje, produzimos centenas de produtos. Qual deles \u00e9 o seu preferido?<\/span><span data-ccp-props=\"{&quot;201341983&quot;:0,&quot;335551550&quot;:6,&quot;335551620&quot;:6,&quot;335559740&quot;:276}\">&nbsp;<\/span><\/p>\n\n\n\n<h2 class=\"wp-block-heading\"><b><span data-contrast=\"auto\">Loja virtual e Al\u00f4 Panvel<\/span><\/b><span data-ccp-props=\"{&quot;201341983&quot;:0,&quot;335551550&quot;:6,&quot;335551620&quot;:6,&quot;335559740&quot;:276}\">&nbsp;<\/span><\/h2>\n\n\n\n<p><span data-contrast=\"auto\">Com as mudan\u00e7as tecnol\u00f3gicas proporcionadas nos anos 90, passamos a existir al\u00e9m das lojas f\u00edsicas.<\/span><span data-ccp-props=\"{&quot;201341983&quot;:0,&quot;335551550&quot;:6,&quot;335551620&quot;:6,&quot;335559740&quot;:276}\">&nbsp;<\/span><\/p>\n\n\n\n<p><span data-contrast=\"auto\">F<\/span><span data-contrast=\"auto\">omos a primeira farm\u00e1cia do segmento a oferecer uma experi\u00eancia de compra&nbsp;<\/span><i><span data-contrast=\"auto\">omnichannel<\/span><\/i><span data-contrast=\"auto\">. Isso quer dizer que integramos todos os canais de venda para proporcionar aos clientes uma jornada de compra flu\u00edda.<\/span><span data-ccp-props=\"{&quot;201341983&quot;:0,&quot;335551550&quot;:6,&quot;335551620&quot;:6,&quot;335559740&quot;:276}\">&nbsp;<\/span><\/p>\n\n\n\n<p><span data-contrast=\"auto\">O cliente escolhe onde, como e quando quer comprar e receber seus produtos atrav\u00e9s dos canais e servi\u00e7os disponibilizados pela rede: site, app, lojas f\u00edsicas, clique &amp; retire, locker e Al\u00f4 Panvel.<\/span><span data-ccp-props=\"{&quot;201341983&quot;:0,&quot;335551550&quot;:6,&quot;335551620&quot;:6,&quot;335559740&quot;:276}\">&nbsp;<\/span><\/p>\n\n\n\n<h2 class=\"wp-block-heading\"><b><span data-contrast=\"auto\">Desafios de 2020<\/span><\/b><span data-ccp-props=\"{&quot;201341983&quot;:0,&quot;335551550&quot;:6,&quot;335551620&quot;:6,&quot;335559740&quot;:276}\">&nbsp;<\/span><\/h2>\n\n\n\n<p><span data-contrast=\"auto\">Em 2020, enquanto o mundo enfrenta os desafios impostos pela pandemia de coronav\u00edrus, criamos mais de 120 salas de vacina\u00e7\u00e3o contra a gripe para a comodidade e seguran\u00e7a de nossos clientes.<\/span><span data-ccp-props=\"{&quot;201341983&quot;:0,&quot;335551550&quot;:6,&quot;335551620&quot;:6,&quot;335559740&quot;:276}\">&nbsp;<\/span><\/p>\n\n\n\n<p><span data-contrast=\"auto\">Tamb\u00e9m colocamos em pr\u00e1tica o projeto\u00a0<\/span><a href=\"https:\/\/www.panvel.com\/panvel\/clinic\/home\" target=\"_blank\" rel=\"noreferrer noopener\"><b><span data-contrast=\"none\">Panvel Clinic<\/span><\/b><\/a><span data-contrast=\"auto\">, um hub de sa\u00fade dentro de uma plataforma digital com teleatendimento, vacinas, exames, testes de Covid-19, teleaconselhamento e telemedicina.\u00a0<\/span><\/p>\n\n\n\n<p><span data-contrast=\"auto\">Essa estrutura fica \u00e0 sua disposi\u00e7\u00e3o 24 horas. Isso significa que, a qualquer momento que voc\u00ea precisar, n\u00f3s estaremos aqui!<\/span><span data-ccp-props=\"{&quot;201341983&quot;:0,&quot;335551550&quot;:6,&quot;335551620&quot;:6,&quot;335559740&quot;:276}\">&nbsp;<\/span><\/p>\n\n\n\n<p><span data-contrast=\"auto\">Hoje somos Panvel&nbsp;<\/span><b><span data-contrast=\"auto\">Bem Voc\u00ea<\/span><\/b><span data-contrast=\"auto\">, porque a Panvel \u00e9 bem o jeito de cada um dos seus clientes!&nbsp;<\/span><span data-contrast=\"auto\">Gostou de conhecer mais sobre n\u00f3s? Esse foi s\u00f3 um resuminho da nossa hist\u00f3ria, que continua sendo constru\u00edda junto com voc\u00ea.&nbsp;<\/span><span data-contrast=\"auto\">Por isso, conte com nossa grande variedade de produtos, diferentes canais de venda, servi\u00e7os de sa\u00fade e personaliza\u00e7\u00e3o de ofertas!<\/span><span data-ccp-props=\"{&quot;201341983&quot;:0,&quot;335551550&quot;:6,&quot;335551620&quot;:6,&quot;335559740&quot;:276}\">&nbsp;<\/span><\/p>\n","protected":false},"excerpt":{"rendered":"<p>A hist\u00f3ria da Panvel desde a cria\u00e7\u00e3o, em 1973, at\u00e9 a consolida\u00e7\u00e3o, com centenas de produtos pr\u00f3prios e mais de 460 lojas em quatro Estados do pa\u00eds<\/p>\n","protected":false},"author":32,"featured_media":0,"parent":0,"menu_order":0,"comment_status":"closed","ping_status":"closed","template":"","meta":[],"acf":[],"yoast_head":"<!-- This site is optimized with the Yoast SEO plugin v20.7 - https:\/\/yoast.com\/wordpress\/plugins\/seo\/ -->\n<title>Conhe\u00e7a a hist\u00f3ria da Panvel desde sua cria\u00e7\u00e3o | Blog Bem Panvel<\/title>\n<meta name=\"description\" content=\"Mais do que uma rede, somos aquele lugar onde voc\u00ea encontra tudo o que precisa para cuidar da sa\u00fade e do corpo. Acesse e conhe\u00e7a a Panvel!\" \/>\n<meta name=\"robots\" content=\"index, follow, max-snippet:-1, max-image-preview:large, max-video-preview:-1\" \/>\n<link rel=\"canonical\" href=\"https:\/\/www.panvel.com\/blog\/sobre-a-panvel\/\" \/>\n<meta property=\"og:locale\" content=\"pt_BR\" \/>\n<meta property=\"og:type\" content=\"article\" \/>\n<meta property=\"og:title\" content=\"Conhe\u00e7a a hist\u00f3ria da Panvel desde sua cria\u00e7\u00e3o | Blog Bem Panvel\" \/>\n<meta property=\"og:description\" content=\"Mais do que uma rede, somos aquele lugar onde voc\u00ea encontra tudo o que precisa para cuidar da sa\u00fade e do corpo. Acesse e conhe\u00e7a a Panvel!\" \/>\n<meta property=\"og:url\" content=\"https:\/\/www.panvel.com\/blog\/sobre-a-panvel\/\" \/>\n<meta property=\"og:site_name\" content=\"Blog Bem Panvel\" \/>\n<meta property=\"article:modified_time\" content=\"2024-09-24T18:01:07+00:00\" \/>\n<meta name=\"twitter:card\" content=\"summary_large_image\" \/>\n<meta name=\"twitter:label1\" content=\"Est. tempo de leitura\" \/>\n\t<meta name=\"twitter:data1\" content=\"4 minutos\" \/>\n<script type=\"application\/ld+json\" class=\"yoast-schema-graph\">{\"@context\":\"https:\/\/schema.org\",\"@graph\":[{\"@type\":\"WebPage\",\"@id\":\"https:\/\/www.panvel.com\/blog\/sobre-a-panvel\/\",\"url\":\"https:\/\/www.panvel.com\/blog\/sobre-a-panvel\/\",\"name\":\"Conhe\u00e7a a hist\u00f3ria da Panvel desde sua cria\u00e7\u00e3o | Blog Bem Panvel\",\"isPartOf\":{\"@id\":\"https:\/\/www.panvel.com\/blog\/#website\"},\"datePublished\":\"2020-11-30T02:38:18+00:00\",\"dateModified\":\"2024-09-24T18:01:07+00:00\",\"description\":\"Mais do que uma rede, somos aquele lugar onde voc\u00ea encontra tudo o que precisa para cuidar da sa\u00fade e do corpo. Acesse e conhe\u00e7a a Panvel!\",\"breadcrumb\":{\"@id\":\"https:\/\/www.panvel.com\/blog\/sobre-a-panvel\/#breadcrumb\"},\"inLanguage\":\"pt-BR\",\"potentialAction\":[{\"@type\":\"ReadAction\",\"target\":[\"https:\/\/www.panvel.com\/blog\/sobre-a-panvel\/\"]}]},{\"@type\":\"BreadcrumbList\",\"@id\":\"https:\/\/www.panvel.com\/blog\/sobre-a-panvel\/#breadcrumb\",\"itemListElement\":[{\"@type\":\"ListItem\",\"position\":1,\"name\":\"Home\",\"item\":\"https:\/\/www.panvel.com\/blog\/\"},{\"@type\":\"ListItem\",\"position\":2,\"name\":\"Conhe\u00e7a a hist\u00f3ria da Panvel desde sua cria\u00e7\u00e3o\"}]},{\"@type\":\"WebSite\",\"@id\":\"https:\/\/www.panvel.com\/blog\/#website\",\"url\":\"https:\/\/www.panvel.com\/blog\/\",\"name\":\"Blog Bem Panvel\",\"description\":\"Aqui voc\u00ea encontra conte\u00fados e dicas de sa\u00fade, beleza, bem-estar e muito mais.\",\"publisher\":{\"@id\":\"https:\/\/www.panvel.com\/blog\/#organization\"},\"potentialAction\":[{\"@type\":\"SearchAction\",\"target\":{\"@type\":\"EntryPoint\",\"urlTemplate\":\"https:\/\/www.panvel.com\/blog\/?s={search_term_string}\"},\"query-input\":\"required name=search_term_string\"}],\"inLanguage\":\"pt-BR\"},{\"@type\":\"Organization\",\"@id\":\"https:\/\/www.panvel.com\/blog\/#organization\",\"name\":\"Panvel Farm\u00e1cias\",\"url\":\"https:\/\/www.panvel.com\/blog\/\",\"logo\":{\"@type\":\"ImageObject\",\"inLanguage\":\"pt-BR\",\"@id\":\"https:\/\/www.panvel.com\/blog\/#\/schema\/logo\/image\/\",\"url\":\"https:\/\/www.panvel.com\/blog\/wp-content\/uploads\/2020\/10\/logo.png\",\"contentUrl\":\"https:\/\/www.panvel.com\/blog\/wp-content\/uploads\/2020\/10\/logo.png\",\"width\":402,\"height\":53,\"caption\":\"Panvel Farm\u00e1cias\"},\"image\":{\"@id\":\"https:\/\/www.panvel.com\/blog\/#\/schema\/logo\/image\/\"}}]}<\/script>\n<!-- \/ Yoast SEO plugin. -->","yoast_head_json":{"title":"Conhe\u00e7a a hist\u00f3ria da Panvel desde sua cria\u00e7\u00e3o | Blog Bem Panvel","description":"Mais do que uma rede, somos aquele lugar onde voc\u00ea encontra tudo o que precisa para cuidar da sa\u00fade e do corpo. Acesse e conhe\u00e7a a Panvel!","robots":{"index":"index","follow":"follow","max-snippet":"max-snippet:-1","max-image-preview":"max-image-preview:large","max-video-preview":"max-video-preview:-1"},"canonical":"https:\/\/www.panvel.com\/blog\/sobre-a-panvel\/","og_locale":"pt_BR","og_type":"article","og_title":"Conhe\u00e7a a hist\u00f3ria da Panvel desde sua cria\u00e7\u00e3o | Blog Bem Panvel","og_description":"Mais do que uma rede, somos aquele lugar onde voc\u00ea encontra tudo o que precisa para cuidar da sa\u00fade e do corpo. Acesse e conhe\u00e7a a Panvel!","og_url":"https:\/\/www.panvel.com\/blog\/sobre-a-panvel\/","og_site_name":"Blog Bem Panvel","article_modified_time":"2024-09-24T18:01:07+00:00","twitter_card":"summary_large_image","twitter_misc":{"Est. tempo de leitura":"4 minutos"},"schema":{"@context":"https:\/\/schema.org","@graph":[{"@type":"WebPage","@id":"https:\/\/www.panvel.com\/blog\/sobre-a-panvel\/","url":"https:\/\/www.panvel.com\/blog\/sobre-a-panvel\/","name":"Conhe\u00e7a a hist\u00f3ria da Panvel desde sua cria\u00e7\u00e3o | Blog Bem Panvel","isPartOf":{"@id":"https:\/\/www.panvel.com\/blog\/#website"},"datePublished":"2020-11-30T02:38:18+00:00","dateModified":"2024-09-24T18:01:07+00:00","description":"Mais do que uma rede, somos aquele lugar onde voc\u00ea encontra tudo o que precisa para cuidar da sa\u00fade e do corpo. Acesse e conhe\u00e7a a Panvel!","breadcrumb":{"@id":"https:\/\/www.panvel.com\/blog\/sobre-a-panvel\/#breadcrumb"},"inLanguage":"pt-BR","potentialAction":[{"@type":"ReadAction","target":["https:\/\/www.panvel.com\/blog\/sobre-a-panvel\/"]}]},{"@type":"BreadcrumbList","@id":"https:\/\/www.panvel.com\/blog\/sobre-a-panvel\/#breadcrumb","itemListElement":[{"@type":"ListItem","position":1,"name":"Home","item":"https:\/\/www.panvel.com\/blog\/"},{"@type":"ListItem","position":2,"name":"Conhe\u00e7a a hist\u00f3ria da Panvel desde sua cria\u00e7\u00e3o"}]},{"@type":"WebSite","@id":"https:\/\/www.panvel.com\/blog\/#website","url":"https:\/\/www.panvel.com\/blog\/","name":"Blog Bem Panvel","description":"Aqui voc\u00ea encontra conte\u00fados e dicas de sa\u00fade, beleza, bem-estar e muito mais.","publisher":{"@id":"https:\/\/www.panvel.com\/blog\/#organization"},"potentialAction":[{"@type":"SearchAction","target":{"@type":"EntryPoint","urlTemplate":"https:\/\/www.panvel.com\/blog\/?s={search_term_string}"},"query-input":"required name=search_term_string"}],"inLanguage":"pt-BR"},{"@type":"Organization","@id":"https:\/\/www.panvel.com\/blog\/#organization","name":"Panvel Farm\u00e1cias","url":"https:\/\/www.panvel.com\/blog\/","logo":{"@type":"ImageObject","inLanguage":"pt-BR","@id":"https:\/\/www.panvel.com\/blog\/#\/schema\/logo\/image\/","url":"https:\/\/www.panvel.com\/blog\/wp-content\/uploads\/2020\/10\/logo.png","contentUrl":"https:\/\/www.panvel.com\/blog\/wp-content\/uploads\/2020\/10\/logo.png","width":402,"height":53,"caption":"Panvel Farm\u00e1cias"},"image":{"@id":"https:\/\/www.panvel.com\/blog\/#\/schema\/logo\/image\/"}}]}},"_links":{"self":[{"href":"https:\/\/www.panvel.com\/blog\/wp-json\/wp\/v2\/pages\/1645"}],"collection":[{"href":"https:\/\/www.panvel.com\/blog\/wp-json\/wp\/v2\/pages"}],"about":[{"href":"https:\/\/www.panvel.com\/blog\/wp-json\/wp\/v2\/types\/page"}],"author":[{"embeddable":true,"href":"https:\/\/www.panvel.com\/blog\/wp-json\/wp\/v2\/users\/32"}],"replies":[{"embeddable":true,"href":"https:\/\/www.panvel.com\/blog\/wp-json\/wp\/v2\/comments?post=1645"}],"version-history":[{"count":17,"href":"https:\/\/www.panvel.com\/blog\/wp-json\/wp\/v2\/pages\/1645\/revisions"}],"predecessor-version":[{"id":9008,"href":"https:\/\/www.panvel.com\/blog\/wp-json\/wp\/v2\/pages\/1645\/revisions\/9008"}],"wp:attachment":[{"href":"https:\/\/www.panvel.com\/blog\/wp-json\/wp\/v2\/media?parent=1645"}],"curies":[{"name":"wp","href":"https:\/\/api.w.org\/{rel}","templated":true}]}}